{"id":74,"date":"2021-10-11T10:35:09","date_gmt":"2021-10-11T08:35:09","guid":{"rendered":"https:\/\/trenerkoperek.pl\/?page_id=74"},"modified":"2021-12-02T19:30:26","modified_gmt":"2021-12-02T18:30:26","slug":"blog","status":"publish","type":"page","link":"https:\/\/trenerkoperek.pl\/index.php\/blog\/","title":{"rendered":"Blog"},"content":{"rendered":"\t\t<div data-elementor-type=\"wp-page\" data-elementor-id=\"74\" class=\"elementor elementor-74\" data-elementor-settings=\"[]\">\n\t\t\t\t\t\t\t<div class=\"elementor-section-wrap\">\n\t\t\t\t\t\t\t<section class=\"elementor-section elementor-top-section elementor-element elementor-element-3e76e0d0 elementor-section-boxed elementor-section-height-default elementor-section-height-default\" data-id=\"3e76e0d0\" data-element_type=\"section\" data-settings=\"{&quot;background_background&quot;:&quot;classic&quot;}\">\n\t\t\t\t\t\t\t<div class=\"elementor-background-overlay\"><\/div>\n\t\t\t\t\t\t\t<div class=\"elementor-container elementor-column-gap-default\">\n\t\t\t\t\t<div class=\"elementor-column elementor-col-50 elementor-top-column elementor-element elementor-element-171ae0f3 elementor-invisible\" data-id=\"171ae0f3\" data-element_type=\"column\" data-settings=\"{&quot;animation&quot;:&quot;fadeInLeft&quot;}\">\n\t\t\t<div class=\"elementor-widget-wrap elementor-element-populated\">\n\t\t\t\t\t\t\t\t<div class=\"elementor-element elementor-element-33ca3dd2 pp-dual-heading-inline-block elementor-widget elementor-widget-pp-dual-heading\" data-id=\"33ca3dd2\" data-element_type=\"widget\" data-widget_type=\"pp-dual-heading.default\">\n\t\t\t\t<div class=\"elementor-widget-container\">\n\t\t\t\t\t\t<h1 class=\"pp-dual-heading\">\n\t\t\t\t\t\t\t\t\t<span class=\"pp-first-text\">\n\t\t\t\t\t\tBLOG\t\t\t\t\t<\/span>\n\t\t\t\t\t\t\t\t<\/h1>\n\t\t\t\t\t<\/div>\n\t\t\t\t<\/div>\n\t\t\t\t<div class=\"elementor-element elementor-element-787dbb6c elementor-widget elementor-widget-text-editor\" data-id=\"787dbb6c\" data-element_type=\"widget\" data-widget_type=\"text-editor.default\">\n\t\t\t\t<div class=\"elementor-widget-container\">\n\t\t\t\t\t\t\t<p>Zapoznaj si\u0119 z ciekawostkami, dzi\u0119ki kt\u00f3rym w lepszy spos\u00f3b zadbasz o swoje zdrowie i form\u0119.<\/p>\t\t\t\t\t\t<\/div>\n\t\t\t\t<\/div>\n\t\t\t\t\t<\/div>\n\t\t<\/div>\n\t\t\t\t<div class=\"elementor-column elementor-col-50 elementor-top-column elementor-element elementor-element-7ec712c9\" data-id=\"7ec712c9\" data-element_type=\"column\">\n\t\t\t<div class=\"elementor-widget-wrap\">\n\t\t\t\t\t\t\t\t\t<\/div>\n\t\t<\/div>\n\t\t\t\t\t\t\t<\/div>\n\t\t<\/section>\n\t\t\t\t<section class=\"elementor-section elementor-top-section elementor-element elementor-element-232a96f9 elementor-section-boxed elementor-section-height-default elementor-section-height-default\" data-id=\"232a96f9\" data-element_type=\"section\" data-settings=\"{&quot;background_background&quot;:&quot;classic&quot;}\">\n\t\t\t\t\t\t<div class=\"elementor-container elementor-column-gap-default\">\n\t\t\t\t\t<div class=\"elementor-column elementor-col-100 elementor-top-column elementor-element elementor-element-4fa89c3b\" data-id=\"4fa89c3b\" data-element_type=\"column\">\n\t\t\t<div class=\"elementor-widget-wrap elementor-element-populated\">\n\t\t\t\t\t\t\t\t<div class=\"elementor-element elementor-element-2f96b76b pp-dual-heading-inline-block elementor-invisible elementor-widget elementor-widget-pp-dual-heading\" data-id=\"2f96b76b\" data-element_type=\"widget\" data-settings=\"{&quot;_animation&quot;:&quot;fadeInRight&quot;}\" data-widget_type=\"pp-dual-heading.default\">\n\t\t\t\t<div class=\"elementor-widget-container\">\n\t\t\t\t\t\t<h2 class=\"pp-dual-heading\">\n\t\t\t\t\t\t\t\t\t<span class=\"pp-first-text\">\n\t\t\t\t\t\tOD\u017bYWIANIE\t\t\t\t\t<\/span>\n\t\t\t\t\t\t\t\t<\/h2>\n\t\t\t\t\t<\/div>\n\t\t\t\t<\/div>\n\t\t\t\t<section class=\"elementor-section elementor-inner-section elementor-element elementor-element-1e5fc490 elementor-section-boxed elementor-section-height-default elementor-section-height-default\" data-id=\"1e5fc490\" data-element_type=\"section\">\n\t\t\t\t\t\t<div class=\"elementor-container elementor-column-gap-default\">\n\t\t\t\t\t<div class=\"elementor-column elementor-col-100 elementor-inner-column elementor-element elementor-element-ae2c649\" data-id=\"ae2c649\" data-element_type=\"column\">\n\t\t\t<div class=\"elementor-widget-wrap elementor-element-populated\">\n\t\t\t\t\t\t\t\t<div class=\"elementor-element elementor-element-dbf767e elementor-grid-eael-col-4 elementor-grid-tablet-eael-col-2 elementor-grid-mobile-eael-col-1 elementor-widget elementor-widget-eael-post-grid\" data-id=\"dbf767e\" data-element_type=\"widget\" data-settings=\"{&quot;eael_post_grid_columns&quot;:&quot;eael-col-4&quot;,&quot;eael_post_grid_columns_tablet&quot;:&quot;eael-col-2&quot;,&quot;eael_post_grid_columns_mobile&quot;:&quot;eael-col-1&quot;}\" data-widget_type=\"eael-post-grid.default\">\n\t\t\t\t<div class=\"elementor-widget-container\">\n\t\t\t<div id=\"eael-post-grid-dbf767e\" class=\"eael-post-grid-container\">\n            <div class=\"eael-post-grid eael-post-appender eael-post-appender-dbf767e eael-post-grid-style-default\" data-layout-mode=\"grid\"><article class=\"eael-grid-post eael-post-grid-column\" data-id=\"499\">\n        <div class=\"eael-grid-post-holder\">\n            <div class=\"eael-grid-post-holder-inner\"><div class=\"eael-entry-media\"><div class=\"eael-entry-overlay fade-in\"><i class=\"fas fa-long-arrow-alt-right\" aria-hidden=\"true\"><\/i><a href=\"https:\/\/trenerkoperek.pl\/index.php\/2021\/10\/31\/sol-jaka-wybierac\/\"><\/a><\/div><div class=\"eael-entry-thumbnail\">\n                <img loading=\"lazy\" decoding=\"async\" width=\"300\" height=\"222\" src=\"https:\/\/trenerkoperek.pl\/wp-content\/uploads\/2021\/10\/sol-300x222.jpg\" class=\"attachment-medium size-medium\" alt=\"\" srcset=\"https:\/\/trenerkoperek.pl\/wp-content\/uploads\/2021\/10\/sol-300x222.jpg 300w, https:\/\/trenerkoperek.pl\/wp-content\/uploads\/2021\/10\/sol-1024x757.jpg 1024w, https:\/\/trenerkoperek.pl\/wp-content\/uploads\/2021\/10\/sol-768x568.jpg 768w, https:\/\/trenerkoperek.pl\/wp-content\/uploads\/2021\/10\/sol-1536x1136.jpg 1536w, https:\/\/trenerkoperek.pl\/wp-content\/uploads\/2021\/10\/sol-2048x1514.jpg 2048w\" sizes=\"auto, (max-width: 300px) 100vw, 300px\" \/>\n            <\/div>\n        <\/div><div class=\"eael-entry-wrapper\"><header class=\"eael-entry-header\"><h2 class=\"eael-entry-title\"><a\n                        class=\"eael-grid-post-link\"\n                        href=\"https:\/\/trenerkoperek.pl\/index.php\/2021\/10\/31\/sol-jaka-wybierac\/\"\n                        title=\"S\u00f3l &#8211; jak\u0105 wybiera\u0107?\">S\u00f3l &#8211; jak\u0105 wybiera\u0107?<\/a><\/h2><\/header><div class=\"eael-entry-footer\"><div class=\"eael-entry-meta\"><\/div><\/div><\/div><\/div>\n        <\/div>\n    <\/article><article class=\"eael-grid-post eael-post-grid-column\" data-id=\"496\">\n        <div class=\"eael-grid-post-holder\">\n            <div class=\"eael-grid-post-holder-inner\"><div class=\"eael-entry-media\"><div class=\"eael-entry-overlay fade-in\"><i class=\"fas fa-long-arrow-alt-right\" aria-hidden=\"true\"><\/i><a href=\"https:\/\/trenerkoperek.pl\/index.php\/2021\/10\/31\/otylosc-to-geny-czy-styl-zycia\/\"><\/a><\/div><div class=\"eael-entry-thumbnail\">\n                <img loading=\"lazy\" decoding=\"async\" width=\"300\" height=\"200\" src=\"https:\/\/trenerkoperek.pl\/wp-content\/uploads\/2021\/10\/brzucho-300x200.jpg\" class=\"attachment-medium size-medium\" alt=\"\" srcset=\"https:\/\/trenerkoperek.pl\/wp-content\/uploads\/2021\/10\/brzucho-300x200.jpg 300w, https:\/\/trenerkoperek.pl\/wp-content\/uploads\/2021\/10\/brzucho-1024x683.jpg 1024w, https:\/\/trenerkoperek.pl\/wp-content\/uploads\/2021\/10\/brzucho-768x512.jpg 768w, https:\/\/trenerkoperek.pl\/wp-content\/uploads\/2021\/10\/brzucho-1536x1025.jpg 1536w, https:\/\/trenerkoperek.pl\/wp-content\/uploads\/2021\/10\/brzucho-2048x1367.jpg 2048w\" sizes=\"auto, (max-width: 300px) 100vw, 300px\" \/>\n            <\/div>\n        <\/div><div class=\"eael-entry-wrapper\"><header class=\"eael-entry-header\"><h2 class=\"eael-entry-title\"><a\n                        class=\"eael-grid-post-link\"\n                        href=\"https:\/\/trenerkoperek.pl\/index.php\/2021\/10\/31\/otylosc-to-geny-czy-styl-zycia\/\"\n                        title=\"Oty\u0142o\u015b\u0107 &#8211; to geny, czy styl \u017cycia?\">Oty\u0142o\u015b\u0107 &#8211; to geny, czy styl \u017cycia?<\/a><\/h2><\/header><div class=\"eael-entry-footer\"><div class=\"eael-entry-meta\"><\/div><\/div><\/div><\/div>\n        <\/div>\n    <\/article><article class=\"eael-grid-post eael-post-grid-column\" data-id=\"493\">\n        <div class=\"eael-grid-post-holder\">\n            <div class=\"eael-grid-post-holder-inner\"><div class=\"eael-entry-media\"><div class=\"eael-entry-overlay fade-in\"><i class=\"fas fa-long-arrow-alt-right\" aria-hidden=\"true\"><\/i><a href=\"https:\/\/trenerkoperek.pl\/index.php\/2021\/10\/31\/kawa\/\"><\/a><\/div><div class=\"eael-entry-thumbnail\">\n                <img loading=\"lazy\" decoding=\"async\" width=\"300\" height=\"200\" src=\"https:\/\/trenerkoperek.pl\/wp-content\/uploads\/2021\/10\/kawa-300x200.jpg\" class=\"attachment-medium size-medium\" alt=\"\" srcset=\"https:\/\/trenerkoperek.pl\/wp-content\/uploads\/2021\/10\/kawa-300x200.jpg 300w, https:\/\/trenerkoperek.pl\/wp-content\/uploads\/2021\/10\/kawa-1024x683.jpg 1024w, https:\/\/trenerkoperek.pl\/wp-content\/uploads\/2021\/10\/kawa-768x512.jpg 768w, https:\/\/trenerkoperek.pl\/wp-content\/uploads\/2021\/10\/kawa-1536x1024.jpg 1536w, https:\/\/trenerkoperek.pl\/wp-content\/uploads\/2021\/10\/kawa-2048x1365.jpg 2048w\" sizes=\"auto, (max-width: 300px) 100vw, 300px\" \/>\n            <\/div>\n        <\/div><div class=\"eael-entry-wrapper\"><header class=\"eael-entry-header\"><h2 class=\"eael-entry-title\"><a\n                        class=\"eael-grid-post-link\"\n                        href=\"https:\/\/trenerkoperek.pl\/index.php\/2021\/10\/31\/kawa\/\"\n                        title=\"Kawa\">Kawa<\/a><\/h2><\/header><div class=\"eael-entry-footer\"><div class=\"eael-entry-meta\"><\/div><\/div><\/div><\/div>\n        <\/div>\n    <\/article><article class=\"eael-grid-post eael-post-grid-column\" data-id=\"490\">\n        <div class=\"eael-grid-post-holder\">\n            <div class=\"eael-grid-post-holder-inner\"><div class=\"eael-entry-media\"><div class=\"eael-entry-overlay fade-in\"><i class=\"fas fa-long-arrow-alt-right\" aria-hidden=\"true\"><\/i><a href=\"https:\/\/trenerkoperek.pl\/index.php\/2021\/10\/31\/jedz-ziemniaki-szybciej-schudniesz\/\"><\/a><\/div><div class=\"eael-entry-thumbnail\">\n                <img loading=\"lazy\" decoding=\"async\" width=\"300\" height=\"200\" src=\"https:\/\/trenerkoperek.pl\/wp-content\/uploads\/2021\/10\/ziemniaki-300x200.jpg\" class=\"attachment-medium size-medium\" alt=\"\" srcset=\"https:\/\/trenerkoperek.pl\/wp-content\/uploads\/2021\/10\/ziemniaki-300x200.jpg 300w, https:\/\/trenerkoperek.pl\/wp-content\/uploads\/2021\/10\/ziemniaki-1024x683.jpg 1024w, https:\/\/trenerkoperek.pl\/wp-content\/uploads\/2021\/10\/ziemniaki-768x512.jpg 768w, https:\/\/trenerkoperek.pl\/wp-content\/uploads\/2021\/10\/ziemniaki-1536x1024.jpg 1536w, https:\/\/trenerkoperek.pl\/wp-content\/uploads\/2021\/10\/ziemniaki-2048x1365.jpg 2048w\" sizes=\"auto, (max-width: 300px) 100vw, 300px\" \/>\n            <\/div>\n        <\/div><div class=\"eael-entry-wrapper\"><header class=\"eael-entry-header\"><h2 class=\"eael-entry-title\"><a\n                        class=\"eael-grid-post-link\"\n                        href=\"https:\/\/trenerkoperek.pl\/index.php\/2021\/10\/31\/jedz-ziemniaki-szybciej-schudniesz\/\"\n                        title=\"Jedz ziemniaki &#8211; szybciej schudniesz!\">Jedz ziemniaki &#8211; szybciej schudniesz!<\/a><\/h2><\/header><div class=\"eael-entry-footer\"><div class=\"eael-entry-meta\"><\/div><\/div><\/div><\/div>\n        <\/div>\n    <\/article><article class=\"eael-grid-post eael-post-grid-column\" data-id=\"487\">\n        <div class=\"eael-grid-post-holder\">\n            <div class=\"eael-grid-post-holder-inner\"><div class=\"eael-entry-media\"><div class=\"eael-entry-overlay fade-in\"><i class=\"fas fa-long-arrow-alt-right\" aria-hidden=\"true\"><\/i><a href=\"https:\/\/trenerkoperek.pl\/index.php\/2021\/10\/31\/jedz-mrozonki-warzywa-i-owoce\/\"><\/a><\/div><div class=\"eael-entry-thumbnail\">\n                <img loading=\"lazy\" decoding=\"async\" width=\"300\" height=\"200\" src=\"https:\/\/trenerkoperek.pl\/wp-content\/uploads\/2021\/10\/szpinak-300x200.jpg\" class=\"attachment-medium size-medium\" alt=\"\" srcset=\"https:\/\/trenerkoperek.pl\/wp-content\/uploads\/2021\/10\/szpinak-300x200.jpg 300w, https:\/\/trenerkoperek.pl\/wp-content\/uploads\/2021\/10\/szpinak-1024x683.jpg 1024w, https:\/\/trenerkoperek.pl\/wp-content\/uploads\/2021\/10\/szpinak-768x512.jpg 768w, https:\/\/trenerkoperek.pl\/wp-content\/uploads\/2021\/10\/szpinak-1536x1024.jpg 1536w, https:\/\/trenerkoperek.pl\/wp-content\/uploads\/2021\/10\/szpinak-2048x1366.jpg 2048w\" sizes=\"auto, (max-width: 300px) 100vw, 300px\" \/>\n            <\/div>\n        <\/div><div class=\"eael-entry-wrapper\"><header class=\"eael-entry-header\"><h2 class=\"eael-entry-title\"><a\n                        class=\"eael-grid-post-link\"\n                        href=\"https:\/\/trenerkoperek.pl\/index.php\/2021\/10\/31\/jedz-mrozonki-warzywa-i-owoce\/\"\n                        title=\"Jedz mro\u017conki! Warzywa i owoce.\">Jedz mro\u017conki! Warzywa i owoce.<\/a><\/h2><\/header><div class=\"eael-entry-footer\"><div class=\"eael-entry-meta\"><\/div><\/div><\/div><\/div>\n        <\/div>\n    <\/article><article class=\"eael-grid-post eael-post-grid-column\" data-id=\"444\">\n        <div class=\"eael-grid-post-holder\">\n            <div class=\"eael-grid-post-holder-inner\"><div class=\"eael-entry-media\"><div class=\"eael-entry-overlay fade-in\"><i class=\"fas fa-long-arrow-alt-right\" aria-hidden=\"true\"><\/i><a href=\"https:\/\/trenerkoperek.pl\/index.php\/2021\/10\/31\/ile-wody-plynow-nalezy-pic\/\"><\/a><\/div><div class=\"eael-entry-thumbnail\">\n                <img loading=\"lazy\" decoding=\"async\" width=\"300\" height=\"213\" src=\"https:\/\/trenerkoperek.pl\/wp-content\/uploads\/2021\/10\/water-300x213.jpg\" class=\"attachment-medium size-medium\" alt=\"\" srcset=\"https:\/\/trenerkoperek.pl\/wp-content\/uploads\/2021\/10\/water-300x213.jpg 300w, https:\/\/trenerkoperek.pl\/wp-content\/uploads\/2021\/10\/water-1024x728.jpg 1024w, https:\/\/trenerkoperek.pl\/wp-content\/uploads\/2021\/10\/water-768x546.jpg 768w, https:\/\/trenerkoperek.pl\/wp-content\/uploads\/2021\/10\/water-1536x1091.jpg 1536w, https:\/\/trenerkoperek.pl\/wp-content\/uploads\/2021\/10\/water-2048x1455.jpg 2048w\" sizes=\"auto, (max-width: 300px) 100vw, 300px\" \/>\n            <\/div>\n        <\/div><div class=\"eael-entry-wrapper\"><header class=\"eael-entry-header\"><h2 class=\"eael-entry-title\"><a\n                        class=\"eael-grid-post-link\"\n                        href=\"https:\/\/trenerkoperek.pl\/index.php\/2021\/10\/31\/ile-wody-plynow-nalezy-pic\/\"\n                        title=\"Ile wody (p\u0142yn\u00f3w) nale\u017cy pi\u0107?\">Ile wody (p\u0142yn\u00f3w) nale\u017cy pi\u0107?<\/a><\/h2><\/header><div class=\"eael-entry-footer\"><div class=\"eael-entry-meta\"><\/div><\/div><\/div><\/div>\n        <\/div>\n    <\/article><article class=\"eael-grid-post eael-post-grid-column\" data-id=\"441\">\n        <div class=\"eael-grid-post-holder\">\n            <div class=\"eael-grid-post-holder-inner\"><div class=\"eael-entry-media\"><div class=\"eael-entry-overlay fade-in\"><i class=\"fas fa-long-arrow-alt-right\" aria-hidden=\"true\"><\/i><a href=\"https:\/\/trenerkoperek.pl\/index.php\/2021\/10\/31\/szesc-ciekawostek-na-temat-blonnika\/\"><\/a><\/div><div class=\"eael-entry-thumbnail\">\n                <img loading=\"lazy\" decoding=\"async\" width=\"300\" height=\"200\" src=\"https:\/\/trenerkoperek.pl\/wp-content\/uploads\/2021\/10\/blonnik-300x200.jpg\" class=\"attachment-medium size-medium\" alt=\"\" srcset=\"https:\/\/trenerkoperek.pl\/wp-content\/uploads\/2021\/10\/blonnik-300x200.jpg 300w, https:\/\/trenerkoperek.pl\/wp-content\/uploads\/2021\/10\/blonnik-1024x683.jpg 1024w, https:\/\/trenerkoperek.pl\/wp-content\/uploads\/2021\/10\/blonnik-768x512.jpg 768w, https:\/\/trenerkoperek.pl\/wp-content\/uploads\/2021\/10\/blonnik-1536x1024.jpg 1536w, https:\/\/trenerkoperek.pl\/wp-content\/uploads\/2021\/10\/blonnik-2048x1365.jpg 2048w\" sizes=\"auto, (max-width: 300px) 100vw, 300px\" \/>\n            <\/div>\n        <\/div><div class=\"eael-entry-wrapper\"><header class=\"eael-entry-header\"><h2 class=\"eael-entry-title\"><a\n                        class=\"eael-grid-post-link\"\n                        href=\"https:\/\/trenerkoperek.pl\/index.php\/2021\/10\/31\/szesc-ciekawostek-na-temat-blonnika\/\"\n                        title=\"Sze\u015b\u0107 ciekawostek na temat b\u0142onnika\">Sze\u015b\u0107 ciekawostek na temat b\u0142onnika<\/a><\/h2><\/header><div class=\"eael-entry-footer\"><div class=\"eael-entry-meta\"><\/div><\/div><\/div><\/div>\n        <\/div>\n    <\/article><\/div>\n            <div class=\"clearfix\"><\/div>\n        <\/div>\t\t<\/div>\n\t\t\t\t<\/div>\n\t\t\t\t\t<\/div>\n\t\t<\/div>\n\t\t\t\t\t\t\t<\/div>\n\t\t<\/section>\n\t\t\t\t\t<\/div>\n\t\t<\/div>\n\t\t\t\t\t\t\t<\/div>\n\t\t<\/section>\n\t\t\t\t\t\t<\/div>\n\t\t\t\t\t<\/div>\n\t\t","protected":false},"excerpt":{"rendered":"<p>BLOG Zapoznaj si\u0119 z ciekawostkami, dzi\u0119ki kt\u00f3rym w lepszy spos\u00f3b zadbasz o swoje zdrowie i form\u0119. OD\u017bYWIANIE S\u00f3l &#8211; jak\u0105 wybiera\u0107? Oty\u0142o\u015b\u0107 &#8211; to geny, czy styl \u017cycia? Kawa Jedz ziemniaki &#8211; szybciej schudniesz! Jedz mro\u017conki! Warzywa i owoce. Ile wody (p\u0142yn\u00f3w) nale\u017cy pi\u0107? Sze\u015b\u0107 ciekawostek na temat b\u0142onnika<\/p>\n","protected":false},"author":1,"featured_media":0,"parent":0,"menu_order":0,"comment_status":"closed","ping_status":"closed","template":"","meta":{"footnotes":""},"class_list":["post-74","page","type-page","status-publish","hentry"],"_links":{"self":[{"href":"https:\/\/trenerkoperek.pl\/index.php\/wp-json\/wp\/v2\/pages\/74","targetHints":{"allow":["GET"]}}],"collection":[{"href":"https:\/\/trenerkoperek.pl\/index.php\/wp-json\/wp\/v2\/pages"}],"about":[{"href":"https:\/\/trenerkoperek.pl\/index.php\/wp-json\/wp\/v2\/types\/page"}],"author":[{"embeddable":true,"href":"https:\/\/trenerkoperek.pl\/index.php\/wp-json\/wp\/v2\/users\/1"}],"replies":[{"embeddable":true,"href":"https:\/\/trenerkoperek.pl\/index.php\/wp-json\/wp\/v2\/comments?post=74"}],"version-history":[{"count":19,"href":"https:\/\/trenerkoperek.pl\/index.php\/wp-json\/wp\/v2\/pages\/74\/revisions"}],"predecessor-version":[{"id":633,"href":"https:\/\/trenerkoperek.pl\/index.php\/wp-json\/wp\/v2\/pages\/74\/revisions\/633"}],"wp:attachment":[{"href":"https:\/\/trenerkoperek.pl\/index.php\/wp-json\/wp\/v2\/media?parent=74"}],"curies":[{"name":"wp","href":"https:\/\/api.w.org\/{rel}","templated":true}]}}